{"id":28,"date":"2015-05-28T12:31:49","date_gmt":"2015-05-28T10:31:49","guid":{"rendered":"http:\/\/www.promozionedelterritorio.it\/?page_id=28"},"modified":"2018-08-06T11:50:49","modified_gmt":"2018-08-06T09:50:49","slug":"cookie-manage","status":"publish","type":"page","link":"http:\/\/www.promozionedelterritorio.it\/?page_id=28","title":{"rendered":"Informativa privacy e Cookie policy"},"content":{"rendered":"<p><strong>Aggiornata al Reg UE 2016\/679<br \/>\n(Regolamento Europeo in materia di protezione dei dati personali)<\/strong><\/p>\n<p><strong>1)<\/strong> <strong>Introduzione<br \/>\n<\/strong><strong>PROMOZIONE DEL TERRITORIO <\/strong>prende in seria considerazione la privacy dell\u2019utente e si impegna al rispetto della stessa. La presente privacy policy (\u201cPrivacy Policy\u201d) descrive le attivit\u00e0 di trattamento di dati personali realizzate da Promozione del Territorio tramite il sito <strong><u>www.promozionedelterritorio.it<\/u><\/strong> e i relativi impegni assunti in tal senso dall\u2019associazione Promozione del Territorio pu\u00f2 trattare i dati personali dell\u2019utente quando questi visita il Sito e utilizza i servizi e le funzionalit\u00e0 presenti sul Sito. Nelle sezioni del Sito in cui sono raccolti i dati personali dell\u2019utente \u00e8 pubblicata una specifica informativa ai sensi dell\u2019art. 13, 14 del Reg. UE 2016\/679.<br \/>\nOve previsto dal Reg. UE 2016\/679 sar\u00e0 richiesto il consenso dell\u2019utente prima di procedere al trattamento dei suoi dati personali. Se l\u2019utente fornisce dati personali di terzi, deve provvedere affinch\u00e9 la comunicazione dei dati a Promozione del territorio e il successivo trattamento per le finalit\u00e0 specificate nell\u2019informativa privacy applicabile sia conforme al Reg. UE 2016\/679 e alla normativa applicabile.<\/p>\n<p><strong>2)<\/strong> <strong>Estremi identificativi del titolare<br \/>\n<\/strong><strong>Promozione del Territorio Via Borgo Palazzo 137 &#8211; 24125 Bergamo.<\/strong><\/p>\n<p><strong>3)<\/strong> <strong>Tipologia di dati trattati<\/strong><br \/>\nLa visita e la consultazione del Sito non comportano in genere raccolta e trattamento dei dati personali dell\u2019utente salvo che per i dati di navigazione e i cookie come di seguito specificato. In aggiunta ai cosiddetti \u201cdati di navigazione\u201d (vedasi oltre), potranno essere oggetto di trattamento dati personali volontariamente forniti dall\u2019utente quando questi interagisce con le funzionalit\u00e0 del Sito o chiede di fruire dei servizi offerti sul Sito. Nel rispetto del Codice Privacy, Promozione del Territorio potrebbe altres\u00ec raccogliere i dati personali dell\u2019utente presso terzi nello svolgimento della propria attivit\u00e0.<\/p>\n<p><strong>4)<\/strong> <strong>Cookies e dati di navigazione<\/strong><br \/>\nIl Sito utilizza \u201ccookie\u201d. Utilizzando il Sito, l&#8217;utente acconsente all\u2019utilizzo dei cookie in conformit\u00e0 con questa Privacy Policy. I cookie sono piccoli file memorizzati sull\u2019hard disk del computer dell\u2019utente. Esistono due macro-categorie di cookie: cookie tecnici e cookie di profilazione.<br \/>\nI cookie tecnici sono necessari per il corretto funzionamento di un sito web e per permettere la navigazione dell\u2019utente; senza di essi l\u2019utente potrebbe non essere in grado di visualizzare correttamente le pagine oppure di utilizzare alcuni servizi.<br \/>\nI cookie di profilazione hanno il compito di creare profili dell\u2019utente al fine di inviare messaggi pubblicitari in linea con le preferenze manifestate dallo stesso durante la navigazione.<br \/>\nI cookie possono inoltre essere classificati come:<br \/>\n_ cookie \u201cdi sessione\u201d, i quali vengono cancellati immediatamente alla chiusura del browser di navigazione;\u00a0\u00a0\u00a0 _ cookie \u201cpersistenti\u201d, i quali rimangono all\u2019interno del browser per un determinato periodo di tempo. Sono utilizzati, ad esempio, per riconoscere il dispositivo che si collega ad un sito agevolando le operazioni di autenticazione per l\u2019utente;<br \/>\n_ cookie \u201cpropri\u201d, generati e gestiti direttamente dal soggetto gestore del sito web sul quale l\u2019utente sta navigando;<br \/>\n_ cookie \u201cterze parti\u201d, generati e gestiti da soggetti diversi dal gestore del sito web sul quale l\u2019utente sta navigando.<\/p>\n<p><strong>5)<\/strong> <strong>Cookies utilizzati sul sito<\/strong><br \/>\nIl Sito utilizza le seguenti tipologie di cookie:<\/p>\n<ul>\n<li>cookie propri, di sessione e persistenti, necessari per consentire la navigazione sul Sito, per finalit\u00e0 di sicurezza interna e di amministrazione del sistema;<\/li>\n<li>cookie terze parti, di sessione e persistenti, necessari per consentire all\u2019utente di utilizzare elementi multimediali presenti sul Sito, come ad esempio immagini e video;<\/li>\n<\/ul>\n<p>Il Sito potrebbe contenere link ad altri siti (c.d. siti terzi). Promozione del Territorio non effettua alcun accesso o controllo su cookie, web beacon e altre tecnologie di tracciamento degli utenti che potrebbero essere utilizzate dai siti terzi cui l\u2019utente pu\u00f2 accedere dal Sito; Promozione del Territorio non effettua alcun controllo su contenuti e materiali pubblicati da o ottenuti attraverso siti terzi, n\u00e9 sulle relative modalit\u00e0 di trattamento dei dati personali dell\u2019utente, ed espressamente declina ogni relativa responsabilit\u00e0 per tali eventualit\u00e0. L\u2019utente \u00e8 tenuto a verificare la privacy policy dei siti terzi cui accede tramite il Sito e ad informarsi circa le condizioni applicabili al trattamento dei propri dati personali. La presente Privacy Policy si applica solo al Sito come sopra definito.<\/p>\n<p><strong>6)<\/strong> <strong>Come disabilitare i cookies nei browser<br \/>\n<\/strong><strong><u>Internet Explorer<\/u><\/strong> Per bloccare i cookie in cliccare sull\u2019icona dell\u2019ingranaggio che si trova in alto a destra e selezionare la voce Opzioni Internet dal menu che compare. Nella finestra che si apre, selezionare la scheda Privacy e cliccare sul bottone Avanzate. A questo punto, mettere il segno di spunta accanto alla voce Sostituisci gestione automatica dei cookie e selezionare l\u2019opzione Blocca sia sotto la dicitura Cookie dei siti Web che sotto la dicitura Cookie di terze parti<\/p>\n<p><strong><u>Google Chrome<\/u><\/strong> Cliccare sul pulsante Menu collocato in alto a destra e selezionare la voce Impostazioni dal menu che compare. Nella pagina che si apre, fare click sulla voce Mostra impostazioni avanzate che si trova in basso e pigiare sul bottone Impostazioni contenuti. Dopodich\u00e9 mettere il segno di spunta accanto alla voce Impedisci ai siti di impostare dati per vietare l\u2019utilizzo dei cookie ai siti che visiti direttamente e\/o accanto alla voce Blocca cookie di terze parti e dati dei siti per impedire ai siti di terze parti di salvare i cookie sul computer.<\/p>\n<p><strong><u>Firefox <\/u><\/strong>Per disabilitare i cookie in Mozilla Firefox, i cliccare sul pulsante Menu collocato in alto a destra e selezionare la voce Opzioni dal menu che compare. Nella finestra che si apre, andare sulla scheda Privacy, impostare il menu a tendina Impostazioni cronologia su Utilizza impostazioni personalizzate e deselezionare l\u2019opzione Accetta i cookie dai siti. Se invece si vuole bloccare i cookie solo per i siti di terze parti, impostare su Mai il menu a tendina Accetta cookie di terze parti.<\/p>\n<p><strong><u>Safari <\/u><\/strong>Se si utilizza un Mac, selezionare la voce Preferenze dal menu Safari (in alto a sinistra), recandosi sulla scheda Privacy e mettendo il segno di spunta accanto alla voce Blocca sempre.<\/p>\n<p><strong>7) Conservazione dei dati personali<\/strong><br \/>\nI dati personali sono conservati e trattati attraverso sistemi informatici di propriet\u00e0 Promozione del Territorio gestiti da Promozione del Territorio o da terzi fornitori di servizi tecnici;<\/p>\n<p><strong>8) Finalit\u00e0 e metodi trattamenti dati<br \/>\n<\/strong><strong>Promozione del Territorio<\/strong> pu\u00f2 trattare i dati personali comuni dell\u2019utente per le seguenti finalit\u00e0: utilizzo da parte degli utenti di servizi e funzionalit\u00e0 presenti sul Sito, gestione di richieste e segnalazioni da parte dei propri utenti, invio di newsletter, gestione delle candidature pervenute attraverso il Sito.<br \/>\nI dati personali sono trattati in forma elettronica ed immessi nel sistema informativo aziendale nel pieno rispetto del Reg UE 2016\/679, compresi i profili di sicurezza e confidenzialit\u00e0, ed ispirandosi ai principi di correttezza e liceit\u00e0 di trattamento. In conformit\u00e0 al Reg UE 2016\/679 i dati sono custoditi e conservati per 10 anni.<\/p>\n<p><strong>9)<\/strong> <strong>Sicurezza e qualit\u00e0 dei dati personali<\/strong><br \/>\n<strong>Promozione del Territorio<\/strong> si impegna a proteggere la sicurezza dei dati personali dell\u2019utente e rispetta le disposizioni in materia di sicurezza previste dalla normativa applicabile al fine di evitare perdite di dati, usi illegittimi o illeciti dei dati e accessi non autorizzati agli stessi, con particolare riferimento al Disciplinare Tecnico in materia di misure minime di sicurezza. Inoltre, i sistemi informativi e i programmi informatici utilizzati da <strong>Promozione del Territorio<\/strong> sono configurati in modo da ridurre al minimo l\u2019uso di dati personali e identificativi; tali dati sono trattati solo per il conseguimento delle specifiche finalit\u00e0 di volta in volta perseguite. <strong>Promozione del Territorio<\/strong> utilizza molteplici tecnologie avanzate di sicurezza e procedure atte a favorire la protezione dei dati personali degli utenti; ad esempio, i dati personali sono conservati su server sicuri ubicati in luoghi ad accesso protetto e controllato. L\u2019utente pu\u00f2 aiutare <strong>Promozione del Territorio<\/strong> ad aggiornare e mantenere corretti i propri dati personali comunicando qualsiasi modifica relativa al proprio indirizzo, alla propria qualifica, alle informazioni di contatto, etc.<\/p>\n<p><strong>10)<\/strong> <strong>Ambito di comunicazione e di accesso dei dati<\/strong><br \/>\nI dati personali dell\u2019utente potranno essere comunicati a:<\/p>\n<ul>\n<li>tutti i soggetti cui la facolt\u00e0 di accesso a tali dati \u00e8 riconosciuta in forza di provvedimenti normativi;<\/li>\n<li>ai nostri collaboratori, dipendenti, nell&#8217;ambito delle relative mansioni;<\/li>\n<li>a tutte quelle persone fisiche e\/o giuridiche, pubbliche e\/o private quando la comunicazione risulti necessaria o funzionale allo svolgimento della nostra attivit\u00e0 e nei modi e per le finalit\u00e0 sopra illustrate;<\/li>\n<\/ul>\n<p><strong>11) Natura di conferimento dei dati personali<\/strong><br \/>\nIl conferimento di alcuni dati personali da parte dell\u2019utente \u00e8 obbligatorio per consentire alla Societ\u00e0 di gestire le comunicazioni, le richieste pervenute dall\u2019utente o per ricontattare l\u2019utente stesso per dar seguito alla sua richiesta. Questo tipo di dati sono contrassegnati dal simbolo asterisco [*] ed in tal caso il conferimento \u00e8 obbligatorio per consentirci di dar seguito alla richiesta che, in difetto, non potr\u00e0 essere evasa. Al contrario, la raccolta degli altri dati non contrassegnati dall\u2019asterisco \u00e8 facoltativa: il mancato conferimento non comporter\u00e0 alcuna conseguenza per l\u2019utente.<br \/>\nIl conferimento dei dati personali da parte dell\u2019utente per finalit\u00e0 di marketing, come specificato nella sezione \u201c\u00e8 facoltativo e il rifiuto di conferirli non avr\u00e0 alcuna conseguenza. Il consenso conferito per finalit\u00e0 di marketing si intende esteso all\u2019invio di comunicazioni effettuato attraverso modalit\u00e0 e\/o mezzi di contatto sia automatizzati che tradizionali, come sopra esemplificati.<\/p>\n<p><strong>12) Diritti dell\u2019interessato<\/strong><br \/>\nIn base al Regolamento (artt. 15-22) il soggetto interessato pu\u00f2 esercitare nei confronti del titolare\/contitolari del trattamento dei dati i seguenti diritti:<\/p>\n<ul>\n<li>Diritto di Accesso: L\u2019 interessato ha il diritto di accedere ai dati personali che lo riguardano che sono in corso di trattamento al fine di verificare se i suoi dati personali siano trattati in conformit\u00e0 alla legge.<\/li>\n<li>Diritto di Rettifica: L&#8217;interessato ha il diritto di ottenere la rettifica di eventuali informazioni imprecise o incomplete su s\u00e9, al fine di garantire l\u2019esattezza di tali informazioni in base alle finalit\u00e0 del trattamento.<\/li>\n<li>Diritto alla Cancellazione: L&#8217;interessato ha il diritto di chiedere che il titolare dei dati cancelli le Sue informazioni e che non tratti pi\u00f9 tali dati<\/li>\n<li>Diritto di Limitazione di Trattamento: L&#8217;interessato ha il diritto di chiedere che il titolare dei dati limiti il trattamento dei suoi dati.<\/li>\n<li>Diritto alla Portabilit\u00e0 dei Dati: L&#8217;interessato ha il diritto di ricevere in un formato strutturato, di uso comune e leggibile da dispositivo automatico i dati personali e di trasmettere tali dati ad altro titolare del trattamento.<\/li>\n<li>Diritto di opposizione al trattamento: L&#8217;interessato ha il diritto di opporsi al trattamento dei dati nei casi previsti dal GDPR, in qualsiasi momento e senza dover giustificare la propria decisione.<\/li>\n<li>Diritto di non essere oggetto di processi decisionali automatizzati: L\u2019 interessato ha il diritto di non essere sottoposto ad una decisione basata esclusivamente su un trattamento automatizzato dei suoi dati, inclusa la profilazione, che produca nei effetti giuridici nei suoi confronti o che incida in modo analogo significativamente sulla sua persona.<\/li>\n<\/ul>\n<p>Lei ha inoltre diritto a presentare reclamo presso l\u2019autorit\u00e0 di controllo.<\/p>\n<p><strong>13) Revoca del consenso al trattamento<br \/>\n<\/strong>Se il trattamento \u00e8 basato sul consenso, ai sensi dell&#8217;art. 7 del Regolamento UE 2016\/679, Le \u00e8 riconosciuta la facolt\u00e0 di revocare il consenso al trattamento dei Suoi dati personali, senza pregiudizio per la liceit\u00e0 del trattamento effettuato prima della revoca, inviando una mail riportando nell\u2019oggetto \u201cREVOCA DEL CONSENSO\u201d al seguente indirizzo di posta elettronica: <span style=\"text-decoration: underline;\"><strong>info<\/strong><strong>@promozionedelterritorio.it<br \/>\n<\/strong><\/span>Se desidera avere maggiori informazioni sul trattamento dei Suoi dati personali, ovvero esercitare i diritti di cui al precedente punto 12, pu\u00f2 inviare una mail al seguente indirizzo: <span style=\"text-decoration: underline;\"><strong>info<\/strong><strong>@promozionedelterritorio.it<br \/>\n<\/strong><\/span>Prima di poterLe fornire, o modificare qualsiasi informazione, potrebbe essere necessario verificare la Sua identit\u00e0 e rispondere ad alcune domande. Una risposta sar\u00e0 fornita al pi\u00f9 presto.<\/p>\n<p>&nbsp;<\/p>\n<p>&nbsp;<\/p>\n<p>&nbsp;<\/p>\n<p><strong>\u00a0<\/strong><\/p>\n<p>&nbsp;<\/p>\n<p>&nbsp;<\/p>\n","protected":false},"excerpt":{"rendered":"<p>Aggiornata al Reg UE 2016\/679 (Regolamento Europeo in materia di protezione dei dati personali) 1) Introduzione PROMOZIONE DEL TERRITORIO prende in seria considerazione la privacy dell\u2019utente e si impegna al rispetto della stessa. La presente privacy policy (\u201cPrivacy Policy\u201d) descrive &hellip; <a class=\"more-link\" href=\"http:\/\/www.promozionedelterritorio.it\/?page_id=28\">Continue reading <span class=\"meta-nav\">&rarr;<\/span><\/a><\/p>\n","protected":false},"author":1,"featured_media":0,"parent":0,"menu_order":0,"comment_status":"closed","ping_status":"closed","template":"","meta":[],"_links":{"self":[{"href":"http:\/\/www.promozionedelterritorio.it\/index.php?rest_route=\/wp\/v2\/pages\/28"}],"collection":[{"href":"http:\/\/www.promozionedelterritorio.it\/index.php?rest_route=\/wp\/v2\/pages"}],"about":[{"href":"http:\/\/www.promozionedelterritorio.it\/index.php?rest_route=\/wp\/v2\/types\/page"}],"author":[{"embeddable":true,"href":"http:\/\/www.promozionedelterritorio.it\/index.php?rest_route=\/wp\/v2\/users\/1"}],"replies":[{"embeddable":true,"href":"http:\/\/www.promozionedelterritorio.it\/index.php?rest_route=%2Fwp%2Fv2%2Fcomments&post=28"}],"version-history":[{"count":5,"href":"http:\/\/www.promozionedelterritorio.it\/index.php?rest_route=\/wp\/v2\/pages\/28\/revisions"}],"predecessor-version":[{"id":43,"href":"http:\/\/www.promozionedelterritorio.it\/index.php?rest_route=\/wp\/v2\/pages\/28\/revisions\/43"}],"wp:attachment":[{"href":"http:\/\/www.promozionedelterritorio.it\/index.php?rest_route=%2Fwp%2Fv2%2Fmedia&parent=28"}],"curies":[{"name":"wp","href":"https:\/\/api.w.org\/{rel}","templated":true}]}}